{"id":3779,"date":"2024-08-12T20:19:37","date_gmt":"2024-08-12T20:19:37","guid":{"rendered":"http:\/\/pmbc.legnica.pl\/?page_id=3779"},"modified":"2024-08-12T20:24:52","modified_gmt":"2024-08-12T20:24:52","slug":"zespol-ds-prewencji","status":"publish","type":"page","link":"https:\/\/pmbc.legnica.pl\/?page_id=3779","title":{"rendered":"\u00a0Zesp\u00f3\u0142 ds. Prewencji"},"content":{"rendered":"\n<p><\/p>\n\n\n\n<p><strong>Zesp\u00f3\u0142 ds. Prewencji<\/strong><\/p>\n\n\n\n<p>*Osoba odpowiedzialna za standardy ochrony dzieci &#8211; Helena Soko\u0142owska (tel.781 28 4047)<\/p>\n\n\n\n<p>*Osoba zaufana &#8211; Barbara Janusz (tel. 608 286 844)<\/p>\n\n\n\n<p>*Osoba odpowiedzialna za interwencj\u0119 &#8211; Tomasz Skibi\u0144ski tel. (76) 850-61-80<\/p>\n\n\n\n<p><\/p>\n","protected":false},"excerpt":{"rendered":"<p>Zesp\u00f3\u0142 ds. Prewencji *Osoba odpowiedzialna za standardy ochrony dzieci &#8211; Helena Soko\u0142owska (tel.781 28 4047) *Osoba zaufana &#8211; Barbara Janusz (tel. 608 286 844) *Osoba odpowiedzialna za interwencj\u0119 &#8211; Tomasz [&hellip;]<\/p>\n","protected":false},"author":1,"featured_media":0,"parent":0,"menu_order":0,"comment_status":"closed","ping_status":"closed","template":"","meta":{"give_campaign_id":0,"_monsterinsights_skip_tracking":false,"_monsterinsights_sitenote_active":false,"_monsterinsights_sitenote_note":"","_monsterinsights_sitenote_category":0,"footnotes":""},"class_list":["post-3779","page","type-page","status-publish","hentry"],"campaignId":"","_links":{"self":[{"href":"https:\/\/pmbc.legnica.pl\/index.php?rest_route=\/wp\/v2\/pages\/3779","targetHints":{"allow":["GET"]}}],"collection":[{"href":"https:\/\/pmbc.legnica.pl\/index.php?rest_route=\/wp\/v2\/pages"}],"about":[{"href":"https:\/\/pmbc.legnica.pl\/index.php?rest_route=\/wp\/v2\/types\/page"}],"author":[{"embeddable":true,"href":"https:\/\/pmbc.legnica.pl\/index.php?rest_route=\/wp\/v2\/users\/1"}],"replies":[{"embeddable":true,"href":"https:\/\/pmbc.legnica.pl\/index.php?rest_route=%2Fwp%2Fv2%2Fcomments&post=3779"}],"version-history":[{"count":3,"href":"https:\/\/pmbc.legnica.pl\/index.php?rest_route=\/wp\/v2\/pages\/3779\/revisions"}],"predecessor-version":[{"id":3785,"href":"https:\/\/pmbc.legnica.pl\/index.php?rest_route=\/wp\/v2\/pages\/3779\/revisions\/3785"}],"wp:attachment":[{"href":"https:\/\/pmbc.legnica.pl\/index.php?rest_route=%2Fwp%2Fv2%2Fmedia&parent=3779"}],"curies":[{"name":"wp","href":"https:\/\/api.w.org\/{rel}","templated":true}]}}