{"id":2684,"date":"2021-04-19T19:02:27","date_gmt":"2021-04-19T19:02:27","guid":{"rendered":"http:\/\/pmbc.legnica.pl\/?page_id=2684"},"modified":"2021-04-19T19:03:57","modified_gmt":"2021-04-19T19:03:57","slug":"rekolekcje-dla-przypadkow-beznadziejnych","status":"publish","type":"page","link":"https:\/\/pmbc.legnica.pl\/?page_id=2684","title":{"rendered":"Rekolekcje dla przypadk\u00f3w beznadziejnych"},"content":{"rendered":"\n<p>Rekolekcje dla przypadk\u00f3w beznadziejnych czyli eksternistyczne seminarium odnowy wiary na czas pandemii<\/p>\n\n\n\n<p>TYDZIE\u0143 1:<\/p>\n\n\n\n<figure class=\"wp-block-embed is-type-rich is-provider-obsluga-osadzania wp-block-embed-obsluga-osadzania wp-embed-aspect-16-9 wp-has-aspect-ratio\"><div class=\"wp-block-embed__wrapper\">\n<iframe loading=\"lazy\" title=\"legnica.MBC - Rekolekcje Dla Przypadk\u00f3w Beznadziejnych Seminarium Odnowy Wiary-Zapowiedz\" width=\"960\" height=\"540\" src=\"https:\/\/www.youtube.com\/embed\/-X5cHXQkCXU?feature=oembed\" frameborder=\"0\" allow=\"accelerometer; autoplay; clipboard-write; encrypted-media; gyroscope; picture-in-picture\" allowfullscreen><\/iframe>\n<\/div><\/figure>\n\n\n\n<figure class=\"wp-block-embed is-type-rich is-provider-obsluga-osadzania wp-block-embed-obsluga-osadzania wp-embed-aspect-16-9 wp-has-aspect-ratio\"><div class=\"wp-block-embed__wrapper\">\n<iframe loading=\"lazy\" title=\"legnica.MBC - Rekolekcje Dla Przypadk\u00f3w Beznadziejnych -  Katecheza 1 8.11.2020\" width=\"960\" height=\"540\" src=\"https:\/\/www.youtube.com\/embed\/tMm2zChIRAo?feature=oembed\" frameborder=\"0\" allow=\"accelerometer; autoplay; clipboard-write; encrypted-media; gyroscope; picture-in-picture\" allowfullscreen><\/iframe>\n<\/div><\/figure>\n\n\n\n<p><strong><a href=\"http:\/\/www.mbc.legnica.pl\/?attachment_id=2459\">Katecheza 1- Poniedzia\u0142ek 9 listopad 2020<\/a><\/strong><\/p>\n\n\n\n<p><strong><a href=\"http:\/\/www.mbc.legnica.pl\/?attachment_id=2460\">Katecheza 1- Wtorek 10 listopad 2020<\/a><\/strong><\/p>\n\n\n\n<p><strong><a href=\"http:\/\/www.mbc.legnica.pl\/?attachment_id=2461\">Katecheza 1- \u015aroda 11 listopad 2020<\/a><\/strong><\/p>\n\n\n\n<p><strong><a href=\"http:\/\/www.mbc.legnica.pl\/?attachment_id=2462\">Katecheza 1- Czwartek 12 listopad 2020<\/a><\/strong><\/p>\n\n\n\n<p><strong><a href=\"http:\/\/www.mbc.legnica.pl\/?attachment_id=2463\">Katecheza 1- Pi\u0105tek 13 listopad 2020<\/a><\/strong><\/p>\n\n\n\n<p><strong><a href=\"http:\/\/www.mbc.legnica.pl\/?attachment_id=2464\">Katecheza 1- Sobota 14 listopad 2020<\/a><\/strong><\/p>\n\n\n\n<p>TYDZIE\u0143 2<\/p>\n\n\n\n<figure class=\"wp-block-embed is-type-rich is-provider-obsluga-osadzania wp-block-embed-obsluga-osadzania wp-embed-aspect-16-9 wp-has-aspect-ratio\"><div class=\"wp-block-embed__wrapper\">\n<iframe loading=\"lazy\" title=\"legnica.MBC - Rekolekcje Dla Przypadk\u00f3w Beznadziejnych -  Katecheza 2 15.11.2020\" width=\"960\" height=\"540\" src=\"https:\/\/www.youtube.com\/embed\/5Z6T_2adrS8?feature=oembed\" frameborder=\"0\" allow=\"accelerometer; autoplay; clipboard-write; encrypted-media; gyroscope; picture-in-picture\" allowfullscreen><\/iframe>\n<\/div><\/figure>\n\n\n\n<p><strong><a href=\"http:\/\/www.mbc.legnica.pl\/?attachment_id=2414\">Katecheza 2- Poniedzia\u0142ek 16 listopad 2020<\/a><\/strong><\/p>\n\n\n\n<p><strong><a href=\"http:\/\/www.mbc.legnica.pl\/?attachment_id=2417\">Katecheza 2- Wtorek 17 listopad 2020<\/a><\/strong><\/p>\n\n\n\n<p><strong><a href=\"http:\/\/www.mbc.legnica.pl\/?attachment_id=2416\">Katecheza 2- \u015aroda 18 listopad 2020<\/a><\/strong><\/p>\n\n\n\n<p><strong><a href=\"http:\/\/www.mbc.legnica.pl\/?attachment_id=2412\">Katecheza 2- Czwartek 19 listopad 2020<\/a><\/strong><\/p>\n\n\n\n<p><strong><a href=\"http:\/\/www.mbc.legnica.pl\/?attachment_id=2413\">Katecheza 2- Pi\u0105tek 20 listopad 2020<\/a><\/strong><\/p>\n\n\n\n<p><strong><a href=\"http:\/\/www.mbc.legnica.pl\/?attachment_id=2415\">Katecheza 2- Sobota 21 listopad 2020<\/a><\/strong><\/p>\n\n\n\n<p>TYDZIE\u0143 3<\/p>\n\n\n\n<figure class=\"wp-block-embed is-type-rich is-provider-obsluga-osadzania wp-block-embed-obsluga-osadzania wp-embed-aspect-16-9 wp-has-aspect-ratio\"><div class=\"wp-block-embed__wrapper\">\n<iframe loading=\"lazy\" title=\"legnica.MBC - Rekolekcje Dla Przypadk\u00f3w Beznadziejnych -  Katecheza 3 22.11.2020\" width=\"960\" height=\"540\" src=\"https:\/\/www.youtube.com\/embed\/X0Uc0dkayf4?feature=oembed\" frameborder=\"0\" allow=\"accelerometer; autoplay; clipboard-write; encrypted-media; gyroscope; picture-in-picture\" allowfullscreen><\/iframe>\n<\/div><\/figure>\n\n\n\n<p><strong><a href=\"http:\/\/www.mbc.legnica.pl\/?attachment_id=2452\">Katecheza 3- Poniedzia\u0142ek 23 listopad 2020<\/a><\/strong><\/p>\n\n\n\n<p><strong><a href=\"http:\/\/www.mbc.legnica.pl\/?attachment_id=2453\">Katecheza 3- Wtorek 24 listopad 2020<\/a><\/strong><\/p>\n\n\n\n<p><strong><a href=\"http:\/\/www.mbc.legnica.pl\/?attachment_id=2454\">Katecheza 3- \u015aroda 25 listopad 2020<\/a><\/strong><\/p>\n\n\n\n<p><strong><a href=\"http:\/\/www.mbc.legnica.pl\/?attachment_id=2455\">Katecheza 3- Czwartek 26 listopad 2020<\/a><\/strong><\/p>\n\n\n\n<p><strong><a href=\"http:\/\/www.mbc.legnica.pl\/?attachment_id=2456\">Katecheza 3- Pi\u0105tek 27 listopad 2020<\/a><\/strong><\/p>\n\n\n\n<p><strong><a href=\"http:\/\/www.mbc.legnica.pl\/?attachment_id=2457\">Katecheza 3- Sobota 28 listopad 2020<\/a><\/strong><\/p>\n\n\n\n<p>TYDZIE\u0143 4<\/p>\n\n\n\n<figure class=\"wp-block-embed is-type-rich is-provider-obsluga-osadzania wp-block-embed-obsluga-osadzania wp-embed-aspect-16-9 wp-has-aspect-ratio\"><div class=\"wp-block-embed__wrapper\">\n<iframe loading=\"lazy\" title=\"legnica.MBC - Rekolekcje dla Przypadk\u00f3w Beznadziejnych -  Katecheza 4  29.11.2020\" width=\"960\" height=\"540\" src=\"https:\/\/www.youtube.com\/embed\/nkvhNM6Gf8g?feature=oembed\" frameborder=\"0\" allow=\"accelerometer; autoplay; clipboard-write; encrypted-media; gyroscope; picture-in-picture\" allowfullscreen><\/iframe>\n<\/div><\/figure>\n\n\n\n<p><strong><a href=\"http:\/\/www.mbc.legnica.pl\/wp-content\/uploads\/2020\/11\/Katecheza-4-ca%C5%82y-tydzie%C5%84.pdf\">Katecheza 4 ca\u0142y tydzie\u0144<\/a><\/strong><\/p>\n\n\n\n<p>TYDZIE\u0143 5<\/p>\n\n\n\n<figure class=\"wp-block-embed is-type-rich is-provider-obsluga-osadzania wp-block-embed-obsluga-osadzania wp-embed-aspect-16-9 wp-has-aspect-ratio\"><div class=\"wp-block-embed__wrapper\">\n<iframe loading=\"lazy\" title=\"legnica.MBC - Rekolekcje dla Przypadk\u00f3w Beznadziejnych -  Katecheza 5  06.12.2020\" width=\"960\" height=\"540\" src=\"https:\/\/www.youtube.com\/embed\/LYUh_f04Y-8?feature=oembed\" frameborder=\"0\" allow=\"accelerometer; autoplay; clipboard-write; encrypted-media; gyroscope; picture-in-picture\" allowfullscreen><\/iframe>\n<\/div><\/figure>\n\n\n\n<p><strong><a href=\"http:\/\/www.mbc.legnica.pl\/wp-content\/uploads\/2020\/12\/Katecheza5.pdf\">Katecheza 5 ca\u0142y tydzie\u0144<\/a><\/strong><\/p>\n\n\n\n<p>TYDZIE\u0143 6<\/p>\n\n\n\n<figure class=\"wp-block-embed is-type-rich is-provider-obsluga-osadzania wp-block-embed-obsluga-osadzania wp-embed-aspect-16-9 wp-has-aspect-ratio\"><div class=\"wp-block-embed__wrapper\">\n<iframe loading=\"lazy\" title=\"legnica.MBC - Rekolekcje dla Przypadk\u00f3w Beznadziejnych -  Katecheza 6  13.12.2020\" width=\"960\" height=\"540\" src=\"https:\/\/www.youtube.com\/embed\/f3Gkov5HoaM?feature=oembed\" frameborder=\"0\" allow=\"accelerometer; autoplay; clipboard-write; encrypted-media; gyroscope; picture-in-picture\" allowfullscreen><\/iframe>\n<\/div><\/figure>\n\n\n\n<p><strong><a href=\"http:\/\/www.mbc.legnica.pl\/wp-content\/uploads\/2020\/12\/Katecheza6.pdf\">Katecheza 6 ca\u0142y tydzie\u0144<\/a><\/strong><\/p>\n\n\n\n<p>TYDZIE\u0143 7<\/p>\n\n\n\n<figure class=\"wp-block-embed is-type-rich is-provider-obsluga-osadzania wp-block-embed-obsluga-osadzania wp-embed-aspect-16-9 wp-has-aspect-ratio\"><div class=\"wp-block-embed__wrapper\">\n<iframe loading=\"lazy\" title=\"legnica.MBC - Rekolekcje dla Przypadk\u00f3w Beznadziejnych -  Katecheza 7  20.12.2020\" width=\"960\" height=\"540\" src=\"https:\/\/www.youtube.com\/embed\/D__sIjUHzEU?feature=oembed\" frameborder=\"0\" allow=\"accelerometer; autoplay; clipboard-write; encrypted-media; gyroscope; picture-in-picture\" allowfullscreen><\/iframe>\n<\/div><\/figure>\n\n\n\n<p><strong><a href=\"http:\/\/www.mbc.legnica.pl\/wp-content\/uploads\/2020\/12\/Katecheza7.pdf\">Katecheza 7 ca\u0142y tydzie\u0144<\/a><\/strong><\/p>\n\n\n\n<p>TYDZIE\u0143 8<\/p>\n\n\n\n<figure class=\"wp-block-embed is-type-rich is-provider-obsluga-osadzania wp-block-embed-obsluga-osadzania wp-embed-aspect-16-9 wp-has-aspect-ratio\"><div class=\"wp-block-embed__wrapper\">\n<iframe loading=\"lazy\" title=\"legnica.MBC - Rekolekcje dla Przypadk\u00f3w Beznadziejnych -  Katecheza 8  27.12.2020\" width=\"960\" height=\"540\" src=\"https:\/\/www.youtube.com\/embed\/1EcWZvjpx2Y?feature=oembed\" frameborder=\"0\" allow=\"accelerometer; autoplay; clipboard-write; encrypted-media; gyroscope; picture-in-picture\" allowfullscreen><\/iframe>\n<\/div><\/figure>\n","protected":false},"excerpt":{"rendered":"<p>Rekolekcje dla przypadk\u00f3w beznadziejnych czyli eksternistyczne seminarium odnowy wiary na czas pandemii TYDZIE\u0143 1: Katecheza 1- Poniedzia\u0142ek 9 listopad 2020 Katecheza 1- Wtorek 10 listopad 2020 Katecheza 1- \u015aroda 11 [&hellip;]<\/p>\n","protected":false},"author":1,"featured_media":0,"parent":0,"menu_order":0,"comment_status":"closed","ping_status":"closed","template":"","meta":{"give_campaign_id":0,"_monsterinsights_skip_tracking":false,"_monsterinsights_sitenote_active":false,"_monsterinsights_sitenote_note":"","_monsterinsights_sitenote_category":0,"footnotes":""},"class_list":["post-2684","page","type-page","status-publish","hentry"],"campaignId":"","_links":{"self":[{"href":"https:\/\/pmbc.legnica.pl\/index.php?rest_route=\/wp\/v2\/pages\/2684","targetHints":{"allow":["GET"]}}],"collection":[{"href":"https:\/\/pmbc.legnica.pl\/index.php?rest_route=\/wp\/v2\/pages"}],"about":[{"href":"https:\/\/pmbc.legnica.pl\/index.php?rest_route=\/wp\/v2\/types\/page"}],"author":[{"embeddable":true,"href":"https:\/\/pmbc.legnica.pl\/index.php?rest_route=\/wp\/v2\/users\/1"}],"replies":[{"embeddable":true,"href":"https:\/\/pmbc.legnica.pl\/index.php?rest_route=%2Fwp%2Fv2%2Fcomments&post=2684"}],"version-history":[{"count":1,"href":"https:\/\/pmbc.legnica.pl\/index.php?rest_route=\/wp\/v2\/pages\/2684\/revisions"}],"predecessor-version":[{"id":2694,"href":"https:\/\/pmbc.legnica.pl\/index.php?rest_route=\/wp\/v2\/pages\/2684\/revisions\/2694"}],"wp:attachment":[{"href":"https:\/\/pmbc.legnica.pl\/index.php?rest_route=%2Fwp%2Fv2%2Fmedia&parent=2684"}],"curies":[{"name":"wp","href":"https:\/\/api.w.org\/{rel}","templated":true}]}}