{"id":2655,"date":"2021-04-19T05:52:38","date_gmt":"2021-04-19T05:52:38","guid":{"rendered":"http:\/\/pmbc.legnica.pl\/?page_id=2655"},"modified":"2021-04-19T18:44:13","modified_gmt":"2021-04-19T18:44:13","slug":"kurs-malzenski-dla-przeterminowanych","status":"publish","type":"page","link":"https:\/\/pmbc.legnica.pl\/?page_id=2655","title":{"rendered":"Kurs ma\u0142\u017ce\u0144ski dla przeterminowanych"},"content":{"rendered":"\n<p>Zapraszamy na cykl filmowy dla ma\u0142\u017conk\u00f3w pragn\u0105cych pog\u0142\u0119bi\u0107 moc sakramentalnej wi\u0119zi.<br>Co\u015b dla tych, kt\u00f3rzy w ma\u0142\u017ce\u0144stwie chc\u0105 czego\u015b wi\u0119cej.<\/p>\n\n\n\n<p><strong>Spotkanie <\/strong>1:<\/p>\n\n\n\n<figure class=\"wp-block-embed is-type-rich is-provider-obsluga-osadzania wp-block-embed-obsluga-osadzania wp-embed-aspect-16-9 wp-has-aspect-ratio\"><div class=\"wp-block-embed__wrapper\">\n<iframe loading=\"lazy\" title=\"legnica.MBC - Kurs Przedma\u0142\u017ce\u0144ski Dla Przeterminowanych - Spotkanie 1 -  25.04.2020\" width=\"960\" height=\"540\" src=\"https:\/\/www.youtube.com\/embed\/cs1Zefnc1ug?feature=oembed\" frameborder=\"0\" allow=\"accelerometer; autoplay; clipboard-write; encrypted-media; gyroscope; picture-in-picture\" allowfullscreen><\/iframe>\n<\/div><\/figure>\n\n\n\n<p><strong>Spotkanie<\/strong> 2:<\/p>\n\n\n\n<figure class=\"wp-block-embed is-type-rich is-provider-obsluga-osadzania wp-block-embed-obsluga-osadzania wp-embed-aspect-16-9 wp-has-aspect-ratio\"><div class=\"wp-block-embed__wrapper\">\n<iframe loading=\"lazy\" title=\"legnica.MBC - Kurs Przedma\u0142\u017ce\u0144ski Dla Przeterminowanych - Spotkanie 2 -  02.05.2020\" width=\"960\" height=\"540\" src=\"https:\/\/www.youtube.com\/embed\/8wW_H0PRb54?feature=oembed\" frameborder=\"0\" allow=\"accelerometer; autoplay; clipboard-write; encrypted-media; gyroscope; picture-in-picture\" allowfullscreen><\/iframe>\n<\/div><\/figure>\n\n\n\n<p><strong>Spotkanie <\/strong>3:<\/p>\n\n\n\n<figure class=\"wp-block-embed is-type-rich is-provider-obsluga-osadzania wp-block-embed-obsluga-osadzania wp-embed-aspect-16-9 wp-has-aspect-ratio\"><div class=\"wp-block-embed__wrapper\">\n<iframe loading=\"lazy\" title=\"legnica.MBC - Kurs Przedma\u0142\u017ce\u0144ski Dla Przeterminowanych - Spotkanie 3  09.05.2020\" width=\"960\" height=\"540\" src=\"https:\/\/www.youtube.com\/embed\/4cyhYu489tw?feature=oembed\" frameborder=\"0\" allow=\"accelerometer; autoplay; clipboard-write; encrypted-media; gyroscope; picture-in-picture\" allowfullscreen><\/iframe>\n<\/div><\/figure>\n\n\n\n<p><strong>Spotkanie <\/strong>4:<\/p>\n\n\n\n<figure class=\"wp-block-embed is-type-rich is-provider-obsluga-osadzania wp-block-embed-obsluga-osadzania wp-embed-aspect-16-9 wp-has-aspect-ratio\"><div class=\"wp-block-embed__wrapper\">\n<iframe loading=\"lazy\" title=\"legnica.MBC - Kurs Przedma\u0142\u017ce\u0144ski Dla Przeterminowanych - Spotkanie 4  16.05.2020\" width=\"960\" height=\"540\" src=\"https:\/\/www.youtube.com\/embed\/ZhRYuCkDP30?feature=oembed\" frameborder=\"0\" allow=\"accelerometer; autoplay; clipboard-write; encrypted-media; gyroscope; picture-in-picture\" allowfullscreen><\/iframe>\n<\/div><\/figure>\n\n\n\n<p><strong>Spotkanie <\/strong>5:<\/p>\n\n\n\n<figure class=\"wp-block-embed is-type-rich is-provider-obsluga-osadzania wp-block-embed-obsluga-osadzania wp-embed-aspect-16-9 wp-has-aspect-ratio\"><div class=\"wp-block-embed__wrapper\">\n<iframe loading=\"lazy\" title=\"legnica.MBC - Kurs Przedma\u0142\u017ce\u0144ski Dla Przeterminowanych - Spotkanie 5  23.05.2020\" width=\"960\" height=\"540\" src=\"https:\/\/www.youtube.com\/embed\/81dgqedvbjk?feature=oembed\" frameborder=\"0\" allow=\"accelerometer; autoplay; clipboard-write; encrypted-media; gyroscope; picture-in-picture\" allowfullscreen><\/iframe>\n<\/div><\/figure>\n\n\n\n<p><strong>Spotkanie <\/strong>6:<\/p>\n\n\n\n<figure class=\"wp-block-embed is-type-rich is-provider-obsluga-osadzania wp-block-embed-obsluga-osadzania wp-embed-aspect-16-9 wp-has-aspect-ratio\"><div class=\"wp-block-embed__wrapper\">\n<iframe loading=\"lazy\" title=\"legnica.MBC - Kurs Przedma\u0142\u017ce\u0144ski Dla Przeterminowanych - Spotkanie 6  1.06.2020\" width=\"960\" height=\"540\" src=\"https:\/\/www.youtube.com\/embed\/9QPzcNmg4ws?feature=oembed\" frameborder=\"0\" allow=\"accelerometer; autoplay; clipboard-write; encrypted-media; gyroscope; picture-in-picture\" allowfullscreen><\/iframe>\n<\/div><\/figure>\n\n\n\n<p><strong>Spotkanie <\/strong>7:<\/p>\n\n\n\n<figure class=\"wp-block-embed is-type-rich is-provider-obsluga-osadzania wp-block-embed-obsluga-osadzania wp-embed-aspect-16-9 wp-has-aspect-ratio\"><div class=\"wp-block-embed__wrapper\">\n<iframe loading=\"lazy\" title=\"legnica.MBC - Kurs Przedma\u0142\u017ce\u0144ski Dla Przeterminowanych - Spotkanie 7  6.06.2020\" width=\"960\" height=\"540\" src=\"https:\/\/www.youtube.com\/embed\/nhWpqdbdv2g?feature=oembed\" frameborder=\"0\" allow=\"accelerometer; autoplay; clipboard-write; encrypted-media; gyroscope; picture-in-picture\" allowfullscreen><\/iframe>\n<\/div><\/figure>\n\n\n\n<p><strong>Spotkanie <\/strong>8:<\/p>\n\n\n\n<figure class=\"wp-block-embed is-type-rich is-provider-obsluga-osadzania wp-block-embed-obsluga-osadzania wp-embed-aspect-16-9 wp-has-aspect-ratio\"><div class=\"wp-block-embed__wrapper\">\n<iframe loading=\"lazy\" title=\"legnica.MBC - Kurs Przedma\u0142\u017ce\u0144ski Dla Przeterminowanych - Spotkanie 8  14.06.2020\" width=\"960\" height=\"540\" src=\"https:\/\/www.youtube.com\/embed\/DR8W2-XT5RI?feature=oembed\" frameborder=\"0\" allow=\"accelerometer; autoplay; clipboard-write; encrypted-media; gyroscope; picture-in-picture\" allowfullscreen><\/iframe>\n<\/div><\/figure>\n\n\n\n<p><strong>Spotkanie <\/strong>9:<\/p>\n\n\n\n<figure class=\"wp-block-embed is-type-rich is-provider-obsluga-osadzania wp-block-embed-obsluga-osadzania wp-embed-aspect-16-9 wp-has-aspect-ratio\"><div class=\"wp-block-embed__wrapper\">\n<iframe loading=\"lazy\" title=\"legnica.MBC - Kurs Przedma\u0142\u017ce\u0144ski Dla Przeterminowanych - Spotkanie 9  20.06.2020\" width=\"960\" height=\"540\" src=\"https:\/\/www.youtube.com\/embed\/6AfcpHUY0oA?feature=oembed\" frameborder=\"0\" allow=\"accelerometer; autoplay; clipboard-write; encrypted-media; gyroscope; picture-in-picture\" allowfullscreen><\/iframe>\n<\/div><\/figure>\n\n\n\n<p><strong>Spotkanie <\/strong>10:<\/p>\n\n\n\n<figure class=\"wp-block-embed is-type-rich is-provider-obsluga-osadzania wp-block-embed-obsluga-osadzania wp-embed-aspect-16-9 wp-has-aspect-ratio\"><div class=\"wp-block-embed__wrapper\">\n<iframe loading=\"lazy\" title=\"legnica.MBC - Kurs Przedma\u0142\u017ce\u0144ski Dla Przeterminowanych - Spotkanie 10  30.06.2020\" width=\"960\" height=\"540\" src=\"https:\/\/www.youtube.com\/embed\/M0K5o6lT2Q8?feature=oembed\" frameborder=\"0\" allow=\"accelerometer; autoplay; clipboard-write; encrypted-media; gyroscope; picture-in-picture\" allowfullscreen><\/iframe>\n<\/div><\/figure>\n\n\n\n<p><strong>Spotkanie <\/strong>11:<\/p>\n\n\n\n<figure class=\"wp-block-embed is-type-rich is-provider-obsluga-osadzania wp-block-embed-obsluga-osadzania wp-embed-aspect-16-9 wp-has-aspect-ratio\"><div class=\"wp-block-embed__wrapper\">\n<iframe loading=\"lazy\" title=\"legnica.MBC - Kurs Przedma\u0142\u017ce\u0144ski Dla Przeterminowanych - Spotkanie 11  15.07.2020\" width=\"960\" height=\"540\" src=\"https:\/\/www.youtube.com\/embed\/HobBUAqJ5oM?feature=oembed\" frameborder=\"0\" allow=\"accelerometer; autoplay; clipboard-write; encrypted-media; gyroscope; picture-in-picture\" allowfullscreen><\/iframe>\n<\/div><\/figure>\n\n\n\n<p><\/p>\n","protected":false},"excerpt":{"rendered":"<p>Zapraszamy na cykl filmowy dla ma\u0142\u017conk\u00f3w pragn\u0105cych pog\u0142\u0119bi\u0107 moc sakramentalnej wi\u0119zi.Co\u015b dla tych, kt\u00f3rzy w ma\u0142\u017ce\u0144stwie chc\u0105 czego\u015b wi\u0119cej. Spotkanie 1: Spotkanie 2: Spotkanie 3: Spotkanie 4: Spotkanie 5: Spotkanie [&hellip;]<\/p>\n","protected":false},"author":1,"featured_media":0,"parent":0,"menu_order":0,"comment_status":"closed","ping_status":"closed","template":"","meta":{"give_campaign_id":0,"_monsterinsights_skip_tracking":false,"_monsterinsights_sitenote_active":false,"_monsterinsights_sitenote_note":"","_monsterinsights_sitenote_category":0,"footnotes":""},"class_list":["post-2655","page","type-page","status-publish","hentry"],"campaignId":"","_links":{"self":[{"href":"https:\/\/pmbc.legnica.pl\/index.php?rest_route=\/wp\/v2\/pages\/2655","targetHints":{"allow":["GET"]}}],"collection":[{"href":"https:\/\/pmbc.legnica.pl\/index.php?rest_route=\/wp\/v2\/pages"}],"about":[{"href":"https:\/\/pmbc.legnica.pl\/index.php?rest_route=\/wp\/v2\/types\/page"}],"author":[{"embeddable":true,"href":"https:\/\/pmbc.legnica.pl\/index.php?rest_route=\/wp\/v2\/users\/1"}],"replies":[{"embeddable":true,"href":"https:\/\/pmbc.legnica.pl\/index.php?rest_route=%2Fwp%2Fv2%2Fcomments&post=2655"}],"version-history":[{"count":3,"href":"https:\/\/pmbc.legnica.pl\/index.php?rest_route=\/wp\/v2\/pages\/2655\/revisions"}],"predecessor-version":[{"id":2678,"href":"https:\/\/pmbc.legnica.pl\/index.php?rest_route=\/wp\/v2\/pages\/2655\/revisions\/2678"}],"wp:attachment":[{"href":"https:\/\/pmbc.legnica.pl\/index.php?rest_route=%2Fwp%2Fv2%2Fmedia&parent=2655"}],"curies":[{"name":"wp","href":"https:\/\/api.w.org\/{rel}","templated":true}]}}