{"id":1762,"date":"2020-01-02T21:01:32","date_gmt":"2020-01-02T21:01:32","guid":{"rendered":"http:\/\/mbc.xpress1.linuxpl.info\/?page_id=1762"},"modified":"2026-05-08T06:09:52","modified_gmt":"2026-05-08T06:09:52","slug":"intencje","status":"publish","type":"page","link":"https:\/\/pmbc.legnica.pl\/?page_id=1762","title":{"rendered":"Intencje"},"content":{"rendered":"[vc_row][vc_column][vc_column_text][\/vc_column_text][\/vc_column][\/vc_row][vc_row][vc_column][\/vc_column][\/vc_row][vc_row][vc_column width=&#8221;1\/6&#8243;][\/vc_column][vc_column width=&#8221;2\/3&#8243;]<div   ><div data-id=\"open\" class=\"toggle_box\"><span class=\"toggle_box_title\"><span class=\"title_icon\"><i class=\"fa fa-pencil\"><\/i><\/span><span class=\"title_text \">Intencje<i class=\"fa fa-plus-square-o openclose\"><\/i><i class=\"fa fa-minus-square-o openclose\"><\/i><\/span><\/span><div class=\"toggle_box_inner\">\n<p><strong>INTENCJE MSZALNE 10.05.2025<\/strong><\/p>\n<table width=\"621\">\n<tbody>\n<tr>\n<td rowspan=\"3\" width=\"191\">\n<p><strong>Niedziela <\/strong><\/p>\n<p><strong>10.05.2026<\/strong><\/p>\n<\/td>\n<td width=\"430\">\n<p><strong>8:00<\/strong> \u2013\u00a0 + Zofi\u0119, Stanis\u0142awa i Macieja P\u0119kalskich.<\/p>\n<\/td>\n<\/tr>\n<tr>\n<td width=\"430\">\n<p><strong>11:00<\/strong> \u2013\u00a0 I Komunia \u015awi\u0119ta.<\/p>\n<\/td>\n<\/tr>\n<tr>\n<td width=\"430\">\n<p><strong>13:00 \u2013<\/strong>\u00a0 Z okazji 18. urodzin Antoniego.<\/p>\n<\/td>\n<\/tr>\n<tr>\n<td width=\"191\">\u00a0<\/td>\n<td width=\"430\">\n<p><strong>18:00 <\/strong>\u2013\u00a0 O \u0142aski dla m\u0119\u017ca Mariusza.<\/p>\n<\/td>\n<\/tr>\n<tr>\n<td width=\"191\">\n<p><strong>Poniedzia\u0142ek 11.5.2026<\/strong><\/p>\n<\/td>\n<td width=\"430\">\n<p><strong>18:00<\/strong> &#8211; \u00a0<\/p>\n<\/td>\n<\/tr>\n<tr>\n<td width=\"191\">\n<p><strong>Wtorek 12.5.2025<\/strong><\/p>\n<\/td>\n<td width=\"430\">\n<p><strong>18:00 <\/strong>\u2013 + Zofi\u0119 Szydziak i jej ++ rodzic\u00f3w.<\/p>\n<\/td>\n<\/tr>\n<tr>\n<td width=\"191\">\n<p><strong>\u015aroda 13.5.2025<\/strong><\/p>\n<\/td>\n<td width=\"430\">\n<p><strong>18:00<\/strong> \u2013 \u00a0<\/p>\n<\/td>\n<\/tr>\n<tr>\n<td width=\"191\">\n<p><strong>Czwartek 14.5.2026<\/strong><\/p>\n<\/td>\n<td width=\"430\">\n<p><strong>18:00 <\/strong>\u2013 \u00a0<\/p>\n<\/td>\n<\/tr>\n<tr>\n<td width=\"191\">\n<p><strong>Pi\u0105tek 15.5.2026<\/strong><\/p>\n<\/td>\n<td width=\"430\">\n<p><strong>18:00 \u2013 <\/strong><\/p>\n<\/td>\n<\/tr>\n<tr>\n<td width=\"191\">\n<p><strong>Sobota 16.5.2026<\/strong><\/p>\n<\/td>\n<td width=\"430\">\n<p><strong>18:00<\/strong> \u2013 \u00a0<\/p>\n<\/td>\n<\/tr>\n<tr>\n<td width=\"191\">\n<p><strong>Niedziela <\/strong><\/p>\n<\/td>\n<td width=\"430\">\n<p><strong>8:00<\/strong> \u2013 \u00a0+ Zofi\u0119, Stanis\u0142awa i Macieja.<\/p>\n<\/td>\n<\/tr>\n<tr>\n<td width=\"191\">\n<p><strong>\u00a0<\/strong><\/p>\n<\/td>\n<td width=\"430\">\n<p><strong>11:30<\/strong> \u2013\u00a0 1. + Zofi\u0119 Mazur.<\/p>\n<p>2. W rocznic\u0119 urodzin Patrycji i Pauliny.<\/p>\n<\/td>\n<\/tr>\n<tr>\n<td width=\"191\">\n<p><strong>17.05.2026<\/strong><\/p>\n<\/td>\n<td width=\"430\">\n<p><strong>13:00 \u2013<\/strong> \u00a0Rocznica I Komunii \u015bw.<\/p>\n<\/td>\n<\/tr>\n<tr>\n<td width=\"191\">\n<p><strong>\u00a0<\/strong><\/p>\n<\/td>\n<td width=\"430\">\n<p><strong>18:00 <\/strong>\u2013\u00a0 + Janin\u0119 Goglewsk\u0105, Stanis\u0142awa, Czes\u0142awa i Adama<\/p>\n<\/td>\n<\/tr>\n<\/tbody>\n<\/table>\n<p>&nbsp;<\/p>\n<\/div><\/div><\/div>[\/vc_column][vc_column width=&#8221;1\/6&#8243;][\/vc_column][\/vc_row]\n","protected":false},"excerpt":{"rendered":"<p>[vc_row][vc_column][vc_column_text][\/vc_column_text][\/vc_column][\/vc_row][vc_row][vc_column][\/vc_column][\/vc_row][vc_row][vc_column width=&#8221;1\/6&#8243;][\/vc_column][vc_column width=&#8221;2\/3&#8243;][\/vc_column][vc_column width=&#8221;1\/6&#8243;][\/vc_column][\/vc_row]<\/p>\n","protected":false},"author":1,"featured_media":0,"parent":0,"menu_order":0,"comment_status":"closed","ping_status":"closed","template":"templates\/100-width.php","meta":{"give_campaign_id":0,"_monsterinsights_skip_tracking":false,"_monsterinsights_sitenote_active":false,"_monsterinsights_sitenote_note":"","_monsterinsights_sitenote_category":0,"footnotes":""},"class_list":["post-1762","page","type-page","status-publish","hentry"],"campaignId":"","_links":{"self":[{"href":"https:\/\/pmbc.legnica.pl\/index.php?rest_route=\/wp\/v2\/pages\/1762","targetHints":{"allow":["GET"]}}],"collection":[{"href":"https:\/\/pmbc.legnica.pl\/index.php?rest_route=\/wp\/v2\/pages"}],"about":[{"href":"https:\/\/pmbc.legnica.pl\/index.php?rest_route=\/wp\/v2\/types\/page"}],"author":[{"embeddable":true,"href":"https:\/\/pmbc.legnica.pl\/index.php?rest_route=\/wp\/v2\/users\/1"}],"replies":[{"embeddable":true,"href":"https:\/\/pmbc.legnica.pl\/index.php?rest_route=%2Fwp%2Fv2%2Fcomments&post=1762"}],"version-history":[{"count":334,"href":"https:\/\/pmbc.legnica.pl\/index.php?rest_route=\/wp\/v2\/pages\/1762\/revisions"}],"predecessor-version":[{"id":4209,"href":"https:\/\/pmbc.legnica.pl\/index.php?rest_route=\/wp\/v2\/pages\/1762\/revisions\/4209"}],"wp:attachment":[{"href":"https:\/\/pmbc.legnica.pl\/index.php?rest_route=%2Fwp%2Fv2%2Fmedia&parent=1762"}],"curies":[{"name":"wp","href":"https:\/\/api.w.org\/{rel}","templated":true}]}}