{"id":1609,"date":"2019-12-08T16:54:32","date_gmt":"2019-12-08T16:54:32","guid":{"rendered":"http:\/\/mbc.xpress1.linuxpl.info\/?page_id=1609"},"modified":"2019-12-14T16:52:03","modified_gmt":"2019-12-14T16:52:03","slug":"slub","status":"publish","type":"page","link":"https:\/\/pmbc.legnica.pl\/?page_id=1609","title":{"rendered":"\u015alub"},"content":{"rendered":"[vc_row][vc_column][vc_column_text][\/vc_column_text][\/vc_column][\/vc_row][vc_row][vc_column][\/vc_column][\/vc_row][vc_row][vc_column width=&#8221;1\/6&#8243;][\/vc_column][vc_column width=&#8221;2\/3&#8243;]<div   ><div data-id=\"open\" class=\"toggle_box\"><span class=\"toggle_box_title\"><span class=\"title_icon\"><i class=\"fa fa-pencil\"><\/i><\/span><span class=\"title_text \">\u015alub<i class=\"fa fa-plus-square-o openclose\"><\/i><i class=\"fa fa-minus-square-o openclose\"><\/i><\/span><\/span><div class=\"toggle_box_inner\">\r\n<p>Ma\u0142\u017ce\u0144stwo<\/p>\r\n<ol>\r\n<li>Narzeczeni zg\u0142aszaj\u0105 si\u0119 do kancelarii parafialnej trzy miesi\u0105ce przed planowanym \u015blubem.<\/li>\r\n<li>Narzeczeni przynosz\u0105 ze sob\u0105:<\/li>\r\n<\/ol>\r\n<p>&#8211; \u015bwiadectwa chrztu \u015bw. z aktualn\u0105 dat\u0105 (adnotacja o Bierzmowaniu)<\/p>\r\n<p>&#8211; dowody osobiste<\/p>\r\n<p>&#8211; ksero \u015bwiadectwa katechizacji z ostatniej klasy szko\u0142y ponadpodstawowej<\/p>\r\n<p>&#8211; za\u015bwiadczenie o odbytym kursie przedma\u0142\u017ce\u0144skim<\/p>\r\n<p>&#8211; trzy egzemplarze dokumentu z USC, stwierdzaj\u0105cego brak cywilnych przeszk\u00f3d do zawarcia ma\u0142\u017ce\u0144stwa ze skutkami cywilnymi (ma\u0142\u017ce\u0144stwo konkordatowe)<\/p>\r\n<p>&#8211; za\u015bwiadczenie o odbytych spotkaniach w Poradni Rodzinnej<\/p>\r\n<p>&#8211; dane \u015bwiadk\u00f3w<\/p>\r\n<\/div><\/div><\/div>[\/vc_column][vc_column width=&#8221;1\/6&#8243;][\/vc_column][\/vc_row]","protected":false},"excerpt":{"rendered":"<p>[vc_row][vc_column][vc_column_text][\/vc_column_text][\/vc_column][\/vc_row][vc_row][vc_column][\/vc_column][\/vc_row][vc_row][vc_column width=&#8221;1\/6&#8243;][\/vc_column][vc_column width=&#8221;2\/3&#8243;][\/vc_column][vc_column width=&#8221;1\/6&#8243;][\/vc_column][\/vc_row]<\/p>\n","protected":false},"author":1,"featured_media":0,"parent":0,"menu_order":0,"comment_status":"closed","ping_status":"closed","template":"templates\/100-width.php","meta":{"give_campaign_id":0,"_monsterinsights_skip_tracking":false,"_monsterinsights_sitenote_active":false,"_monsterinsights_sitenote_note":"","_monsterinsights_sitenote_category":0,"footnotes":""},"class_list":["post-1609","page","type-page","status-publish","hentry"],"campaignId":"","_links":{"self":[{"href":"https:\/\/pmbc.legnica.pl\/index.php?rest_route=\/wp\/v2\/pages\/1609","targetHints":{"allow":["GET"]}}],"collection":[{"href":"https:\/\/pmbc.legnica.pl\/index.php?rest_route=\/wp\/v2\/pages"}],"about":[{"href":"https:\/\/pmbc.legnica.pl\/index.php?rest_route=\/wp\/v2\/types\/page"}],"author":[{"embeddable":true,"href":"https:\/\/pmbc.legnica.pl\/index.php?rest_route=\/wp\/v2\/users\/1"}],"replies":[{"embeddable":true,"href":"https:\/\/pmbc.legnica.pl\/index.php?rest_route=%2Fwp%2Fv2%2Fcomments&post=1609"}],"version-history":[{"count":8,"href":"https:\/\/pmbc.legnica.pl\/index.php?rest_route=\/wp\/v2\/pages\/1609\/revisions"}],"predecessor-version":[{"id":1664,"href":"https:\/\/pmbc.legnica.pl\/index.php?rest_route=\/wp\/v2\/pages\/1609\/revisions\/1664"}],"wp:attachment":[{"href":"https:\/\/pmbc.legnica.pl\/index.php?rest_route=%2Fwp%2Fv2%2Fmedia&parent=1609"}],"curies":[{"name":"wp","href":"https:\/\/api.w.org\/{rel}","templated":true}]}}