{"id":1607,"date":"2019-12-08T16:54:32","date_gmt":"2019-12-08T16:54:32","guid":{"rendered":"http:\/\/mbc.xpress1.linuxpl.info\/?page_id=1607"},"modified":"2023-03-05T19:11:03","modified_gmt":"2023-03-05T19:11:03","slug":"i-komunia-sw","status":"publish","type":"page","link":"https:\/\/pmbc.legnica.pl\/?page_id=1607","title":{"rendered":"I Komunia \u015bw."},"content":{"rendered":"[vc_row][vc_column][vc_column_text][\/vc_column_text][\/vc_column][\/vc_row][vc_row][vc_column][\/vc_column][\/vc_row][vc_row][vc_column width=&#8221;1\/6&#8243;][\/vc_column][vc_column width=&#8221;2\/3&#8243;]<div   ><div data-id=\"open\" class=\"toggle_box\"><span class=\"toggle_box_title\"><span class=\"title_icon\"><i class=\"fa fa-pencil\"><\/i><\/span><span class=\"title_text \">I Komunia \u015bw.<i class=\"fa fa-plus-square-o openclose\"><\/i><i class=\"fa fa-minus-square-o openclose\"><\/i><\/span><\/span><div class=\"toggle_box_inner\">\n<p><strong>I Komunia \u015bw.<\/strong><\/p>\n<p><strong>28 maja 2023\u00a0 \u00a0godz.11.00\u00a0 \u00a0 \u00a0 \u00a0 \u00a0 \u00a0 \u00a0 \u00a0 \u00a0 \u00a0 \u00a0 \u00a0<\/strong><\/p>\n<p><strong>Harmonogram spotka\u0144 przed I Komuni\u0105 \u015bw.<\/strong><\/p>\n<table>\n<tbody>\n<tr>\n<td width=\"224\">\n<p><strong>Przedmiot<\/strong><\/p>\n<\/td>\n<td width=\"221\">\n<p><strong>Data<\/strong><\/p>\n<\/td>\n<\/tr>\n<tr>\n<td width=\"224\">\n<p>Spotkanie<\/p>\n<\/td>\n<td width=\"221\">\n<p><strong>4.09.2022<\/strong><\/p>\n<\/td>\n<\/tr>\n<tr>\n<td width=\"224\">\n<p>r\u00f3\u017caniec<\/p>\n<\/td>\n<td width=\"221\">\n<p><strong>2.10.2022<\/strong><\/p>\n<\/td>\n<\/tr>\n<tr>\n<td width=\"224\">\n<p>Spotkanie + modlitewnik<\/p>\n<\/td>\n<td width=\"221\">\n<p><strong>6.11.2022<\/strong><\/p>\n<\/td>\n<\/tr>\n<tr>\n<td width=\"224\">\n<p>Spotkanie + medalik<\/p>\n<\/td>\n<td width=\"221\">\n<p><strong>4.12.2022<\/strong><\/p>\n<\/td>\n<\/tr>\n<tr>\n<td width=\"224\">\n<p>Spotkanie<\/p>\n<\/td>\n<td width=\"221\">\n<p><strong>8.01.2023<\/strong><\/p>\n<\/td>\n<\/tr>\n<tr>\n<td width=\"224\">\n<p>Spotkanie + \u015bwieca modlitewna<\/p>\n<\/td>\n<td width=\"221\">\n<p><strong>5.02.2023<\/strong><\/p>\n<\/td>\n<\/tr>\n<tr>\n<td width=\"224\">\n<p>Spotkanie<\/p>\n<\/td>\n<td width=\"221\">\n<p><strong>5.03.2023<\/strong><\/p>\n<\/td>\n<\/tr>\n<tr>\n<td width=\"224\">\n<p>Spotkanie<\/p>\n<\/td>\n<td width=\"221\">\n<p><strong>2.04.2023<\/strong><\/p>\n<\/td>\n<\/tr>\n<tr>\n<td width=\"224\">\n<p>Maj<\/p>\n<p>Spotkanie<\/p>\n<p>Pr\u00f3by przed I Komuni\u0105<\/p>\n<\/td>\n<td width=\"221\">\n<p><strong>\u00a0<\/strong><\/p>\n<p><strong>7.05.2023<\/strong><\/p>\n<p><strong>22-26.05.2023<\/strong><\/p>\n<\/td>\n<\/tr>\n<tr>\n<td width=\"224\">\n<p>Pierwsza Spowied\u017a<\/p>\n<\/td>\n<td width=\"221\">\n<p><strong>27.05.2023<\/strong><\/p>\n<\/td>\n<\/tr>\n<\/tbody>\n<\/table>\n<p>&nbsp;<\/p>\n<p>Rodzice winni dostarczy\u0107:<\/p>\n<ol>\n<li>Metryk\u0119 chrztu (je\u017celi dziecko nie by\u0142o chrzczone w naszej parafii).<\/li>\n<li>Zgod\u0119 na I Komuni\u0119 (dla zamieszka\u0142ych poza terenem parafii).<\/li>\n<\/ol>\n<\/div><\/div><\/div>[\/vc_column][vc_column width=&#8221;1\/6&#8243;][\/vc_column][\/vc_row]\n","protected":false},"excerpt":{"rendered":"<p>[vc_row][vc_column][vc_column_text][\/vc_column_text][\/vc_column][\/vc_row][vc_row][vc_column][\/vc_column][\/vc_row][vc_row][vc_column width=&#8221;1\/6&#8243;][\/vc_column][vc_column width=&#8221;2\/3&#8243;][\/vc_column][vc_column width=&#8221;1\/6&#8243;][\/vc_column][\/vc_row]<\/p>\n","protected":false},"author":1,"featured_media":0,"parent":0,"menu_order":0,"comment_status":"closed","ping_status":"closed","template":"templates\/100-width.php","meta":{"give_campaign_id":0,"_monsterinsights_skip_tracking":false,"_monsterinsights_sitenote_active":false,"_monsterinsights_sitenote_note":"","_monsterinsights_sitenote_category":0,"footnotes":""},"class_list":["post-1607","page","type-page","status-publish","hentry"],"campaignId":"","_links":{"self":[{"href":"https:\/\/pmbc.legnica.pl\/index.php?rest_route=\/wp\/v2\/pages\/1607","targetHints":{"allow":["GET"]}}],"collection":[{"href":"https:\/\/pmbc.legnica.pl\/index.php?rest_route=\/wp\/v2\/pages"}],"about":[{"href":"https:\/\/pmbc.legnica.pl\/index.php?rest_route=\/wp\/v2\/types\/page"}],"author":[{"embeddable":true,"href":"https:\/\/pmbc.legnica.pl\/index.php?rest_route=\/wp\/v2\/users\/1"}],"replies":[{"embeddable":true,"href":"https:\/\/pmbc.legnica.pl\/index.php?rest_route=%2Fwp%2Fv2%2Fcomments&post=1607"}],"version-history":[{"count":8,"href":"https:\/\/pmbc.legnica.pl\/index.php?rest_route=\/wp\/v2\/pages\/1607\/revisions"}],"predecessor-version":[{"id":3312,"href":"https:\/\/pmbc.legnica.pl\/index.php?rest_route=\/wp\/v2\/pages\/1607\/revisions\/3312"}],"wp:attachment":[{"href":"https:\/\/pmbc.legnica.pl\/index.php?rest_route=%2Fwp%2Fv2%2Fmedia&parent=1607"}],"curies":[{"name":"wp","href":"https:\/\/api.w.org\/{rel}","templated":true}]}}