{"id":1605,"date":"2019-12-08T16:54:32","date_gmt":"2019-12-08T16:54:32","guid":{"rendered":"http:\/\/mbc.xpress1.linuxpl.info\/?page_id=1605"},"modified":"2021-04-12T10:30:43","modified_gmt":"2021-04-12T10:30:43","slug":"chrzest","status":"publish","type":"page","link":"https:\/\/pmbc.legnica.pl\/?page_id=1605","title":{"rendered":"Chrzest"},"content":{"rendered":"[vc_row][vc_column][\/vc_column][\/vc_row][vc_row][vc_column width=&#8221;1\/6&#8243;][\/vc_column][vc_column width=&#8221;2\/3&#8243;]<div   ><div data-id=\"open\" class=\"toggle_box\"><span class=\"toggle_box_title\"><span class=\"title_icon\"><i class=\"fa fa-pencil\"><\/i><\/span><span class=\"title_text \">Chrzest<i class=\"fa fa-plus-square-o openclose\"><\/i><i class=\"fa fa-minus-square-o openclose\"><\/i><\/span><\/span><div class=\"toggle_box_inner\">\n<p><strong>Terminy chrzt\u00f3w: <\/strong>w ka\u017cd\u0105\u00a0 ostatni\u0105 niedziel\u0119 miesi\u0105ca.<\/p>\n<p>Co najmniej\u00a0 miesi\u0105c przed dat\u0105 chrztu nale\u017cy zg\u0142osi\u0107 si\u0119 w kancelarii parafialnej celem uzgodnienia terminu\u00a0 katechez dla rodzic\u00f3w i rodzic\u00f3w chrzestnych\u00a0\u00a0 przygotowuj\u0105cych\u00a0 do\u00a0 pe\u0142nego i \u015bwiadomego prze\u017cycia\u00a0 chrztu jako sakramentu, kt\u00f3ry stoi u podstaw \u017cycia chrze\u015bcija\u0144skiego.<\/p>\n<p><strong>W kancelarii parafialnej\u00a0 przedstawi\u0107:<\/strong><\/p>\n<ol>\n<li>metryk\u0119 urodzenia dziecka z USC<\/li>\n<li>akt \u015blubu ko\u015bcielnego rodzic\u00f3w<\/li>\n<li>dane potrzebne do ksi\u0105g metrykalnych<\/li>\n<li>dane osobowe rodzic\u00f3w (imi\u0119, nazwisko, data i miejsce urodzenia)<\/li>\n<li>dane rodzic\u00f3w chrzestnych (imi\u0119, nazwisko, adres zamieszkania, wiek)<\/li>\n<\/ol>\n<p>W przypadku chrztu dziecka spoza naszej parafii wymagamy zezwolenia parafii miejsca zamieszkania rodzic\u00f3w.<\/p>\n<p>Odno\u015bnie wyboru rodzic\u00f3w chrzestnych obowi\u0105zuj\u0105 nast\u0119puj\u0105ce przepisy ko\u015bcielne, kt\u00f3re nale\u017cy uwzgl\u0119dni\u0107 przed podj\u0119ciem decyzji wyboru ojca i matki chrzestnej:<\/p>\n<p><strong>Rodzicami chrzestnymi mog\u0105 by\u0107:<\/strong><\/p>\n<ol>\n<li>osoby religijne (wyznania katolickiego), bierzmowane, przyst\u0119puj\u0105ce do Sakrament\u00f3w \u015awi\u0119tych, a je\u015bli s\u0105 ma\u0142\u017conkami, \u017cyj\u0105ce w sakramentalnym zwi\u0105zku ma\u0142\u017ce\u0144skim,<\/li>\n<li>musz\u0105 odznacza\u0107 si\u0119 wystarczaj\u0105c\u0105 dojrza\u0142o\u015bci\u0105 do wype\u0142nienia swoich obowi\u0105zk\u00f3w (sko\u0144czony przynajmniej 16 rok \u017cycia).<\/li>\n<\/ol>\n<p>Ko\u015bci\u00f3\u0142 stawia takie wymagania rodzicom chrzestnym, poniewa\u017c podczas obrz\u0119du Chrztu sk\u0142adaj\u0105 wyznanie wiary we w\u0142asnym imieniu oraz przyjmuj\u0105 na siebie wsp\u00f3\u0142odpowiedzialno\u015b\u0107 za chrze\u015bcija\u0144skie wychowanie dziecka, zw\u0142aszcza w przypadku, gdy dziecko utraci jedno lub oboje rodzic\u00f3w.<\/p>\n<p>Prosimy rodzic\u00f3w chrzestnych b\u0119d\u0105cych spoza naszej parafii o przyniesienie od w\u0142asnego Ksi\u0119dza Proboszcza za\u015bwiadczenia potwierdzaj\u0105cego mo\u017cliwo\u015b\u0107 pe\u0142nienia godno\u015bci chrzestnego(ej).<\/p>\n<p><strong>Z okazji Chrztu dziecka chrzestni powinni przyst\u0105pi\u0107 do Spowiedzi i Komunii \u015awi\u0119tej.<\/strong><\/div><\/div><\/div>[\/vc_column][vc_column width=&#8221;1\/6&#8243;][\/vc_column][\/vc_row]\n","protected":false},"excerpt":{"rendered":"<p>[vc_row][vc_column][\/vc_column][\/vc_row][vc_row][vc_column width=&#8221;1\/6&#8243;][\/vc_column][vc_column width=&#8221;2\/3&#8243;][\/vc_column][vc_column width=&#8221;1\/6&#8243;][\/vc_column][\/vc_row]<\/p>\n","protected":false},"author":1,"featured_media":0,"parent":0,"menu_order":0,"comment_status":"closed","ping_status":"closed","template":"templates\/100-width.php","meta":{"give_campaign_id":0,"_monsterinsights_skip_tracking":false,"_monsterinsights_sitenote_active":false,"_monsterinsights_sitenote_note":"","_monsterinsights_sitenote_category":0,"footnotes":""},"class_list":["post-1605","page","type-page","status-publish","hentry"],"campaignId":"","_links":{"self":[{"href":"https:\/\/pmbc.legnica.pl\/index.php?rest_route=\/wp\/v2\/pages\/1605","targetHints":{"allow":["GET"]}}],"collection":[{"href":"https:\/\/pmbc.legnica.pl\/index.php?rest_route=\/wp\/v2\/pages"}],"about":[{"href":"https:\/\/pmbc.legnica.pl\/index.php?rest_route=\/wp\/v2\/types\/page"}],"author":[{"embeddable":true,"href":"https:\/\/pmbc.legnica.pl\/index.php?rest_route=\/wp\/v2\/users\/1"}],"replies":[{"embeddable":true,"href":"https:\/\/pmbc.legnica.pl\/index.php?rest_route=%2Fwp%2Fv2%2Fcomments&post=1605"}],"version-history":[{"count":22,"href":"https:\/\/pmbc.legnica.pl\/index.php?rest_route=\/wp\/v2\/pages\/1605\/revisions"}],"predecessor-version":[{"id":1662,"href":"https:\/\/pmbc.legnica.pl\/index.php?rest_route=\/wp\/v2\/pages\/1605\/revisions\/1662"}],"wp:attachment":[{"href":"https:\/\/pmbc.legnica.pl\/index.php?rest_route=%2Fwp%2Fv2%2Fmedia&parent=1605"}],"curies":[{"name":"wp","href":"https:\/\/api.w.org\/{rel}","templated":true}]}}