{"id":1526,"date":"2019-12-04T08:29:22","date_gmt":"2019-12-04T08:29:22","guid":{"rendered":"http:\/\/mbc.xpress1.linuxpl.info\/?page_id=1526"},"modified":"2021-04-12T10:30:43","modified_gmt":"2021-04-12T10:30:43","slug":"klub-pogodna-jesien","status":"publish","type":"page","link":"https:\/\/pmbc.legnica.pl\/?page_id=1526","title":{"rendered":"Klub pogodna jesie\u0144"},"content":{"rendered":"[vc_row][vc_column][vc_column_text][\/vc_column_text][\/vc_column][\/vc_row][vc_row][vc_column][\/vc_column][\/vc_row][vc_row][vc_column width=&#8221;1\/6&#8243;][\/vc_column][vc_column width=&#8221;2\/3&#8243;]<div   ><div data-id=\"open\" class=\"toggle_box\"><span class=\"toggle_box_title\"><span class=\"title_icon\"><i class=\"fa fa-pencil\"><\/i><\/span><span class=\"title_text \">Klub Pogodna Jesie\u0144<i class=\"fa fa-plus-square-o openclose\"><\/i><i class=\"fa fa-minus-square-o openclose\"><\/i><\/span><\/span><div class=\"toggle_box_inner\">\n<p><strong>Klub Pogodnej Jesieni im. \u015bw. Joachima i Anny<\/strong> &#8211; jest to wsp\u00f3lnota dla senior\u00f3w. Podczas spotka\u0144 znajdujemy czas na dyskusj\u0119, wsp\u00f3lny posi\u0142ek czy wyj\u015bcie kulturalne.<\/p>\n<p><strong>Zapraszamy:<\/strong> w \u015brody o godz. 10:00.<\/p>\n<\/div><\/div><\/div>[\/vc_column][vc_column width=&#8221;1\/6&#8243;][\/vc_column][\/vc_row]\n<p>&nbsp;<\/p>\n","protected":false},"excerpt":{"rendered":"<p>[vc_row][vc_column][vc_column_text][\/vc_column_text][\/vc_column][\/vc_row][vc_row][vc_column][\/vc_column][\/vc_row][vc_row][vc_column width=&#8221;1\/6&#8243;][\/vc_column][vc_column width=&#8221;2\/3&#8243;][\/vc_column][vc_column width=&#8221;1\/6&#8243;][\/vc_column][\/vc_row] &nbsp;<\/p>\n","protected":false},"author":1,"featured_media":0,"parent":0,"menu_order":0,"comment_status":"closed","ping_status":"closed","template":"templates\/100-width.php","meta":{"give_campaign_id":0,"_monsterinsights_skip_tracking":false,"_monsterinsights_sitenote_active":false,"_monsterinsights_sitenote_note":"","_monsterinsights_sitenote_category":0,"footnotes":""},"class_list":["post-1526","page","type-page","status-publish","hentry"],"campaignId":"","_links":{"self":[{"href":"https:\/\/pmbc.legnica.pl\/index.php?rest_route=\/wp\/v2\/pages\/1526","targetHints":{"allow":["GET"]}}],"collection":[{"href":"https:\/\/pmbc.legnica.pl\/index.php?rest_route=\/wp\/v2\/pages"}],"about":[{"href":"https:\/\/pmbc.legnica.pl\/index.php?rest_route=\/wp\/v2\/types\/page"}],"author":[{"embeddable":true,"href":"https:\/\/pmbc.legnica.pl\/index.php?rest_route=\/wp\/v2\/users\/1"}],"replies":[{"embeddable":true,"href":"https:\/\/pmbc.legnica.pl\/index.php?rest_route=%2Fwp%2Fv2%2Fcomments&post=1526"}],"version-history":[{"count":3,"href":"https:\/\/pmbc.legnica.pl\/index.php?rest_route=\/wp\/v2\/pages\/1526\/revisions"}],"predecessor-version":[{"id":1676,"href":"https:\/\/pmbc.legnica.pl\/index.php?rest_route=\/wp\/v2\/pages\/1526\/revisions\/1676"}],"wp:attachment":[{"href":"https:\/\/pmbc.legnica.pl\/index.php?rest_route=%2Fwp%2Fv2%2Fmedia&parent=1526"}],"curies":[{"name":"wp","href":"https:\/\/api.w.org\/{rel}","templated":true}]}}